{"id":91,"date":"2021-02-24T22:22:16","date_gmt":"2021-02-24T21:22:16","guid":{"rendered":"https:\/\/gitedelalveole.fr\/?page_id=91"},"modified":"2021-03-22T21:21:02","modified_gmt":"2021-03-22T20:21:02","slug":"nos-bonnes-adresses-2","status":"publish","type":"page","link":"https:\/\/gitedelalveole.fr\/index.php\/a-voir\/nos-bonnes-adresses-2\/","title":{"rendered":"\u00c9t\u00e9"},"content":{"rendered":"\n<p>Les <strong>nombreux chemins de randonn\u00e9e, \u00e0 pied ou en v\u00e9lo<\/strong>, vous permettrons de partir \u00e0 la d\u00e9couverte de la montagne. Vous ne souhaitez pas prendre la voiture&nbsp;? Alors partez directement depuis le g\u00eete d\u00e9couvrir la cascade du Bouchot, admirez le paysage depuis les points de vue de la butte du Mettey derri\u00e8re la maison. <\/p>\n\n\n\n<div class=\"wp-block-columns is-layout-flex wp-container-core-columns-is-layout-9d6595d7 wp-block-columns-is-layout-flex\">\n<div class=\"wp-block-column is-vertically-aligned-center is-layout-flow wp-block-column-is-layout-flow\" style=\"flex-basis:33%\">\n<figure class=\"wp-block-image size-large is-resized is-style-rounded\"><img loading=\"lazy\" decoding=\"async\" src=\"https:\/\/gitedelalveole.fr\/wp-content\/uploads\/2021\/03\/image-9.png\" alt=\"\" class=\"wp-image-230\" width=\"244\" height=\"357\" srcset=\"https:\/\/gitedelalveole.fr\/wp-content\/uploads\/2021\/03\/image-9.png 406w, https:\/\/gitedelalveole.fr\/wp-content\/uploads\/2021\/03\/image-9-205x300.png 205w, https:\/\/gitedelalveole.fr\/wp-content\/uploads\/2021\/03\/image-9-230x337.png 230w, https:\/\/gitedelalveole.fr\/wp-content\/uploads\/2021\/03\/image-9-350x513.png 350w\" sizes=\"auto, (max-width: 244px) 100vw, 244px\" \/><figcaption>Le saut du Bouchot<\/figcaption><\/figure>\n<\/div>\n\n\n\n<div class=\"wp-block-column is-vertically-aligned-center is-layout-flow wp-block-column-is-layout-flow\" style=\"flex-basis:33%\">\n<div class=\"wp-block-image is-style-rounded\"><figure class=\"aligncenter size-large is-resized\"><img loading=\"lazy\" decoding=\"async\" src=\"https:\/\/gitedelalveole.fr\/wp-content\/uploads\/2021\/03\/image-8.png\" alt=\"\" class=\"wp-image-229\" width=\"257\" height=\"342\"\/><\/figure><\/div>\n<\/div>\n\n\n\n<div class=\"wp-block-column is-vertically-aligned-center is-layout-flow wp-block-column-is-layout-flow\" style=\"flex-basis:33%\">\n<div class=\"wp-block-image is-style-rounded\"><figure class=\"aligncenter size-full\"><img loading=\"lazy\" decoding=\"async\" width=\"971\" height=\"598\" src=\"https:\/\/gitedelalveole.fr\/wp-content\/uploads\/2021\/03\/image-7.png\" alt=\"Le point de vue du Mettey\" class=\"wp-image-228\" srcset=\"https:\/\/gitedelalveole.fr\/wp-content\/uploads\/2021\/03\/image-7.png 971w, https:\/\/gitedelalveole.fr\/wp-content\/uploads\/2021\/03\/image-7-300x185.png 300w, https:\/\/gitedelalveole.fr\/wp-content\/uploads\/2021\/03\/image-7-768x473.png 768w, https:\/\/gitedelalveole.fr\/wp-content\/uploads\/2021\/03\/image-7-830x511.png 830w, https:\/\/gitedelalveole.fr\/wp-content\/uploads\/2021\/03\/image-7-230x142.png 230w, https:\/\/gitedelalveole.fr\/wp-content\/uploads\/2021\/03\/image-7-350x216.png 350w, https:\/\/gitedelalveole.fr\/wp-content\/uploads\/2021\/03\/image-7-480x296.png 480w\" sizes=\"auto, (max-width: 971px) 100vw, 971px\" \/><figcaption>Point de vue du Mettey<\/figcaption><\/figure><\/div>\n<\/div>\n<\/div>\n\n\n\n<p>Envie d\u2019une balade tranquille, rendez-vous sur la voie verte des Hautes-Vosges. Un acc\u00e8s \u00e0 cette piste cyclable d&rsquo;environ 50 km se situe \u00e0 4,4 km du g\u00eete.<br>La grande cr\u00eate des Vosges avec le Hohneck (1363m) vous assure des balades inoubliables.<\/p>\n\n\n\n<div class=\"wp-block-columns is-layout-flex wp-container-core-columns-is-layout-9d6595d7 wp-block-columns-is-layout-flex\">\n<div class=\"wp-block-column is-layout-flow wp-block-column-is-layout-flow\" style=\"flex-basis:100%\">\n<div class=\"wp-block-columns is-layout-flex wp-container-core-columns-is-layout-9d6595d7 wp-block-columns-is-layout-flex\">\n<div class=\"wp-block-column is-layout-flow wp-block-column-is-layout-flow\">\n<div class=\"wp-block-image is-style-rounded\"><figure class=\"aligncenter size-large is-resized\"><img loading=\"lazy\" decoding=\"async\" src=\"https:\/\/gitedelalveole.fr\/wp-content\/uploads\/2021\/03\/image-10.png\" alt=\"\" class=\"wp-image-235\" width=\"228\" height=\"284\" srcset=\"https:\/\/gitedelalveole.fr\/wp-content\/uploads\/2021\/03\/image-10-240x300.png 240w, https:\/\/gitedelalveole.fr\/wp-content\/uploads\/2021\/03\/image-10-230x288.png 230w, https:\/\/gitedelalveole.fr\/wp-content\/uploads\/2021\/03\/image-10-350x438.png 350w, https:\/\/gitedelalveole.fr\/wp-content\/uploads\/2021\/03\/image-10-480x601.png 480w\" sizes=\"auto, (max-width: 228px) 100vw, 228px\" \/><figcaption>La voie verte<\/figcaption><\/figure><\/div>\n<\/div>\n\n\n\n<div class=\"wp-block-column is-layout-flow wp-block-column-is-layout-flow\">\n<div class=\"wp-block-image is-style-rounded\"><figure class=\"aligncenter size-large is-resized\"><img loading=\"lazy\" decoding=\"async\" src=\"https:\/\/gitedelalveole.fr\/wp-content\/uploads\/2021\/03\/image-12-1024x570.png\" alt=\"\" class=\"wp-image-237\" width=\"487\" height=\"270\" srcset=\"https:\/\/gitedelalveole.fr\/wp-content\/uploads\/2021\/03\/image-12-1024x570.png 1024w, https:\/\/gitedelalveole.fr\/wp-content\/uploads\/2021\/03\/image-12-300x167.png 300w, https:\/\/gitedelalveole.fr\/wp-content\/uploads\/2021\/03\/image-12-768x427.png 768w, https:\/\/gitedelalveole.fr\/wp-content\/uploads\/2021\/03\/image-12-830x462.png 830w, https:\/\/gitedelalveole.fr\/wp-content\/uploads\/2021\/03\/image-12-230x128.png 230w, https:\/\/gitedelalveole.fr\/wp-content\/uploads\/2021\/03\/image-12-350x195.png 350w, https:\/\/gitedelalveole.fr\/wp-content\/uploads\/2021\/03\/image-12-480x267.png 480w, https:\/\/gitedelalveole.fr\/wp-content\/uploads\/2021\/03\/image-12.png 1195w\" sizes=\"auto, (max-width: 487px) 100vw, 487px\" \/><figcaption>Le Hohneck<\/figcaption><\/figure><\/div>\n<\/div>\n<\/div>\n\n\n\n<p><strong>Les lacs<\/strong> de montagne vous attendent \u00e9galement&nbsp;: G\u00e9rardmer, Xonrupt-Longemer, la base de loisirs de Saulxures-sur-Moselotte avec sa plage, son parcours et ses toboggans aquatiques sur le lac. Partez \u00e0 la d\u00e9couverte des magnifiques lacs glaciaires sur les versants alsaciens et lorrains (le lac Blanc, le lac des truites, le lac des Corbeaux\u2026).<\/p>\n<\/div>\n<\/div>\n\n\n\n<div class=\"wp-block-columns is-layout-flex wp-container-core-columns-is-layout-9d6595d7 wp-block-columns-is-layout-flex\">\n<div class=\"wp-block-column is-layout-flow wp-block-column-is-layout-flow\">\n<div class=\"wp-block-image is-style-rounded\"><figure class=\"aligncenter size-large is-resized\"><img loading=\"lazy\" decoding=\"async\" src=\"https:\/\/gitedelalveole.fr\/wp-content\/uploads\/2021\/03\/image-13.png\" alt=\"\" class=\"wp-image-240\" width=\"284\" height=\"167\" srcset=\"https:\/\/gitedelalveole.fr\/wp-content\/uploads\/2021\/03\/image-13.png 703w, https:\/\/gitedelalveole.fr\/wp-content\/uploads\/2021\/03\/image-13-300x177.png 300w, https:\/\/gitedelalveole.fr\/wp-content\/uploads\/2021\/03\/image-13-230x136.png 230w, https:\/\/gitedelalveole.fr\/wp-content\/uploads\/2021\/03\/image-13-350x207.png 350w, https:\/\/gitedelalveole.fr\/wp-content\/uploads\/2021\/03\/image-13-480x283.png 480w\" sizes=\"auto, (max-width: 284px) 100vw, 284px\" \/><figcaption>  Le lac de G\u00e9rardmer<\/figcaption><\/figure><\/div>\n<\/div>\n\n\n\n<div class=\"wp-block-column is-layout-flow wp-block-column-is-layout-flow\">\n<div class=\"wp-block-image is-style-rounded\"><figure class=\"alignright size-large\"><img loading=\"lazy\" decoding=\"async\" width=\"593\" height=\"392\" src=\"https:\/\/gitedelalveole.fr\/wp-content\/uploads\/2021\/03\/image-14.png\" alt=\"\" class=\"wp-image-241\" srcset=\"https:\/\/gitedelalveole.fr\/wp-content\/uploads\/2021\/03\/image-14.png 593w, https:\/\/gitedelalveole.fr\/wp-content\/uploads\/2021\/03\/image-14-300x198.png 300w, https:\/\/gitedelalveole.fr\/wp-content\/uploads\/2021\/03\/image-14-230x152.png 230w, https:\/\/gitedelalveole.fr\/wp-content\/uploads\/2021\/03\/image-14-350x231.png 350w, https:\/\/gitedelalveole.fr\/wp-content\/uploads\/2021\/03\/image-14-480x317.png 480w\" sizes=\"auto, (max-width: 593px) 100vw, 593px\" \/><figcaption>Base de loisirs de Saulxures-sur-Moselotte<\/figcaption><\/figure><\/div>\n<\/div>\n\n\n\n<div class=\"wp-block-column is-layout-flow wp-block-column-is-layout-flow\">\n<div class=\"wp-block-image is-style-rounded\"><figure class=\"aligncenter size-large is-resized\"><img loading=\"lazy\" decoding=\"async\" src=\"https:\/\/gitedelalveole.fr\/wp-content\/uploads\/2021\/03\/image-15.png\" alt=\"\" class=\"wp-image-242\" width=\"245\" height=\"176\" srcset=\"https:\/\/gitedelalveole.fr\/wp-content\/uploads\/2021\/03\/image-15.png 914w, https:\/\/gitedelalveole.fr\/wp-content\/uploads\/2021\/03\/image-15-300x216.png 300w, https:\/\/gitedelalveole.fr\/wp-content\/uploads\/2021\/03\/image-15-768x554.png 768w, https:\/\/gitedelalveole.fr\/wp-content\/uploads\/2021\/03\/image-15-830x598.png 830w, https:\/\/gitedelalveole.fr\/wp-content\/uploads\/2021\/03\/image-15-230x166.png 230w, https:\/\/gitedelalveole.fr\/wp-content\/uploads\/2021\/03\/image-15-350x252.png 350w, https:\/\/gitedelalveole.fr\/wp-content\/uploads\/2021\/03\/image-15-480x346.png 480w\" sizes=\"auto, (max-width: 245px) 100vw, 245px\" \/><figcaption>Base de loisirs de Saulxures-sur-Moselotte<\/figcaption><\/figure><\/div>\n<\/div>\n<\/div>\n\n\n\n<p><strong>Pour les moins sportifs ou les gourmands<\/strong> ou tout simplement pour des vacances tranquilles avec les enfants. Visitez les artisans locaux et leurs savoirs-faire&nbsp;(confiseries, fabriquant de vin de fruits, tourneurs sur bois, les cultivateurs de plantes m\u00e9dicinales), rendez-vous dans les fermes de montagne pour des visites p\u00e9dagogiques et des d\u00e9gustations. <\/p>\n\n\n\n<p>Envie d\u2019une <strong>visite culturelle<\/strong>&nbsp;? Rendez vous au Mus\u00e9e de l\u2019image d\u2019Epinal (40 km), sur les sites de m\u00e9moire (Monument National du Hartmannswillerkopf, m\u00e9morial du Linge), visitez le Th\u00e9\u00e2tre du Peuple \u00e0 Bussang ou rendez vous \u00e0 une repr\u00e9sentation (class\u00e9 au titre des <a href=\"https:\/\/fr.wikipedia.org\/wiki\/Monument_historique_(France)\">monuments historiques<\/a>).<\/p>\n\n\n\n<p>Les <strong>nombreux march\u00e9s<\/strong> du secteur vous permettrons de trouver des produits locaux ou rencontrer des artisans.<\/p>\n","protected":false},"excerpt":{"rendered":"<p>Les nombreux chemins de randonn\u00e9e, \u00e0 pied ou en v\u00e9lo, vous permettrons de partir \u00e0 la d\u00e9couverte de la montagne. Vous ne souhaitez pas prendre la voiture&nbsp;? Alors partez directement depuis le g\u00eete d\u00e9couvrir la cascade du Bouchot, admirez le paysage depuis les points de vue de la butte du Mettey derri\u00e8re la maison. Envie d\u2019une balade tranquille, rendez-vous sur la voie verte des Hautes-Vosges. Un acc\u00e8s \u00e0 cette piste cyclable d&rsquo;environ 50 km se situe \u00e0 4,4 km du g\u00eete.La grande cr\u00eate des Vosges avec le Hohneck (1363m) vous assure des balades inoubliables. Les lacs de montagne vous attendent \u00e9galement&nbsp;: G\u00e9rardmer, Xonrupt-Longemer, la base de loisirs de Saulxures-sur-Moselotte avec sa plage, son parcours et ses toboggans aquatiques sur le lac. Partez \u00e0 la d\u00e9couverte des magnifiques lacs glaciaires sur les versants alsaciens et lorrains (le lac Blanc, le lac des truites, le lac des Corbeaux\u2026). Pour les moins sportifs ou les gourmands ou tout simplement pour des vacances tranquilles avec les enfants. Visitez les artisans locaux et leurs savoirs-faire&nbsp;(confiseries, fabriquant de vin de fruits, tourneurs sur bois, les cultivateurs de plantes m\u00e9dicinales), rendez-vous dans les fermes de montagne pour des visites p\u00e9dagogiques et des d\u00e9gustations. Envie d\u2019une visite culturelle&nbsp;? [&hellip;]<\/p>\n","protected":false},"author":1,"featured_media":0,"parent":24,"menu_order":-1,"comment_status":"closed","ping_status":"closed","template":"","meta":{"footnotes":""},"class_list":["post-91","page","type-page","status-publish","hentry"],"_links":{"self":[{"href":"https:\/\/gitedelalveole.fr\/index.php\/wp-json\/wp\/v2\/pages\/91","targetHints":{"allow":["GET"]}}],"collection":[{"href":"https:\/\/gitedelalveole.fr\/index.php\/wp-json\/wp\/v2\/pages"}],"about":[{"href":"https:\/\/gitedelalveole.fr\/index.php\/wp-json\/wp\/v2\/types\/page"}],"author":[{"embeddable":true,"href":"https:\/\/gitedelalveole.fr\/index.php\/wp-json\/wp\/v2\/users\/1"}],"replies":[{"embeddable":true,"href":"https:\/\/gitedelalveole.fr\/index.php\/wp-json\/wp\/v2\/comments?post=91"}],"version-history":[{"count":13,"href":"https:\/\/gitedelalveole.fr\/index.php\/wp-json\/wp\/v2\/pages\/91\/revisions"}],"predecessor-version":[{"id":257,"href":"https:\/\/gitedelalveole.fr\/index.php\/wp-json\/wp\/v2\/pages\/91\/revisions\/257"}],"up":[{"embeddable":true,"href":"https:\/\/gitedelalveole.fr\/index.php\/wp-json\/wp\/v2\/pages\/24"}],"wp:attachment":[{"href":"https:\/\/gitedelalveole.fr\/index.php\/wp-json\/wp\/v2\/media?parent=91"}],"curies":[{"name":"wp","href":"https:\/\/api.w.org\/{rel}","templated":true}]}}