{"id":194,"date":"2021-03-22T13:44:30","date_gmt":"2021-03-22T12:44:30","guid":{"rendered":"https:\/\/gitedelalveole.fr\/?page_id=194"},"modified":"2021-03-22T22:49:00","modified_gmt":"2021-03-22T21:49:00","slug":"nos-bonnes-adresses-3","status":"publish","type":"page","link":"https:\/\/gitedelalveole.fr\/index.php\/nos-bonnes-adresses-3\/","title":{"rendered":"Nos bonnes adresses"},"content":{"rendered":"\n<div class=\"wp-block-media-text alignwide is-stacked-on-mobile\"><figure class=\"wp-block-media-text__media\"><a href=\"https:\/\/www.ateliercuirvosges.fr\/\" target=\"_blank\" rel=\"noopener\"><img loading=\"lazy\" decoding=\"async\" width=\"749\" height=\"413\" src=\"https:\/\/gitedelalveole.fr\/wp-content\/uploads\/2021\/03\/image-5.png\" alt=\"\" class=\"wp-image-209 size-full\" srcset=\"https:\/\/gitedelalveole.fr\/wp-content\/uploads\/2021\/03\/image-5.png 749w, https:\/\/gitedelalveole.fr\/wp-content\/uploads\/2021\/03\/image-5-300x165.png 300w, https:\/\/gitedelalveole.fr\/wp-content\/uploads\/2021\/03\/image-5-230x127.png 230w, https:\/\/gitedelalveole.fr\/wp-content\/uploads\/2021\/03\/image-5-350x193.png 350w, https:\/\/gitedelalveole.fr\/wp-content\/uploads\/2021\/03\/image-5-480x265.png 480w\" sizes=\"auto, (max-width: 749px) 100vw, 749px\" \/><\/a><\/figure><div class=\"wp-block-media-text__content\">\n<p style=\"font-size:23px\">L&rsquo;atelier de maroquinerie Millotte Colin <\/p>\n<\/div><\/div>\n\n\n\n<p><\/p>\n\n\n\n<div class=\"wp-block-media-text alignwide is-stacked-on-mobile\"><figure class=\"wp-block-media-text__media\"><a href=\"https:\/\/www.atelier-de-la-tournerie.fr\/\" target=\"_blank\" rel=\"noopener\"><img loading=\"lazy\" decoding=\"async\" width=\"990\" height=\"432\" src=\"https:\/\/gitedelalveole.fr\/wp-content\/uploads\/2021\/03\/image-1.png\" alt=\"\" class=\"wp-image-201 size-full\" srcset=\"https:\/\/gitedelalveole.fr\/wp-content\/uploads\/2021\/03\/image-1.png 990w, https:\/\/gitedelalveole.fr\/wp-content\/uploads\/2021\/03\/image-1-300x131.png 300w, https:\/\/gitedelalveole.fr\/wp-content\/uploads\/2021\/03\/image-1-768x335.png 768w, https:\/\/gitedelalveole.fr\/wp-content\/uploads\/2021\/03\/image-1-830x362.png 830w, https:\/\/gitedelalveole.fr\/wp-content\/uploads\/2021\/03\/image-1-230x100.png 230w, https:\/\/gitedelalveole.fr\/wp-content\/uploads\/2021\/03\/image-1-350x153.png 350w, https:\/\/gitedelalveole.fr\/wp-content\/uploads\/2021\/03\/image-1-480x209.png 480w\" sizes=\"auto, (max-width: 990px) 100vw, 990px\" \/><\/a><\/figure><div class=\"wp-block-media-text__content\">\n<p style=\"font-size:23px\">L&rsquo;atelier de la tournerie \u00e0 la Bresse<\/p>\n<\/div><\/div>\n\n\n\n<div class=\"wp-block-media-text alignwide is-stacked-on-mobile\" style=\"grid-template-columns:46% auto\"><figure class=\"wp-block-media-text__media\"><img decoding=\"async\" src=\"https:\/\/scontent.fcdg3-1.fna.fbcdn.net\/v\/t1.0-9\/159619144_3593202490805384_7700462884186342288_n.jpg?_nc_cat=106&amp;ccb=1-3&amp;_nc_sid=340051&amp;_nc_ohc=NyzdP4WfQCcAX9jn_7s&amp;_nc_ht=scontent.fcdg3-1.fna&amp;oh=7463d917c059a4581c60e04197cc82aa&amp;oe=607DA560\" alt=\"Peut \u00eatre une image de texte qui dit \u2019Tous les samedis matin 8h30\/12h00 2h00 Producteurs Les March\u00e9 leur Locaux font Couvert 88290 Thi\u00e9fosse\u2019\"\/><\/figure><div class=\"wp-block-media-text__content\">\n<p style=\"font-size:23px\">Le march\u00e9 des producteurs de Thi\u00e9fosse<\/p>\n<\/div><\/div>\n\n\n\n<div class=\"wp-block-media-text alignwide is-stacked-on-mobile\"><figure class=\"wp-block-media-text__media\"><\/figure><div class=\"wp-block-media-text__content\">\n<p class=\"has-large-font-size\"><\/p>\n<\/div><\/div>\n","protected":false},"excerpt":{"rendered":"<p>L&rsquo;atelier de maroquinerie Millotte Colin L&rsquo;atelier de la tournerie \u00e0 la Bresse Le march\u00e9 des producteurs de Thi\u00e9fosse<\/p>\n","protected":false},"author":1,"featured_media":0,"parent":0,"menu_order":0,"comment_status":"closed","ping_status":"closed","template":"","meta":{"footnotes":""},"class_list":["post-194","page","type-page","status-publish","hentry"],"_links":{"self":[{"href":"https:\/\/gitedelalveole.fr\/index.php\/wp-json\/wp\/v2\/pages\/194","targetHints":{"allow":["GET"]}}],"collection":[{"href":"https:\/\/gitedelalveole.fr\/index.php\/wp-json\/wp\/v2\/pages"}],"about":[{"href":"https:\/\/gitedelalveole.fr\/index.php\/wp-json\/wp\/v2\/types\/page"}],"author":[{"embeddable":true,"href":"https:\/\/gitedelalveole.fr\/index.php\/wp-json\/wp\/v2\/users\/1"}],"replies":[{"embeddable":true,"href":"https:\/\/gitedelalveole.fr\/index.php\/wp-json\/wp\/v2\/comments?post=194"}],"version-history":[{"count":9,"href":"https:\/\/gitedelalveole.fr\/index.php\/wp-json\/wp\/v2\/pages\/194\/revisions"}],"predecessor-version":[{"id":275,"href":"https:\/\/gitedelalveole.fr\/index.php\/wp-json\/wp\/v2\/pages\/194\/revisions\/275"}],"wp:attachment":[{"href":"https:\/\/gitedelalveole.fr\/index.php\/wp-json\/wp\/v2\/media?parent=194"}],"curies":[{"name":"wp","href":"https:\/\/api.w.org\/{rel}","templated":true}]}}