{"id":11,"date":"2021-02-18T14:08:34","date_gmt":"2021-02-18T13:08:34","guid":{"rendered":"http:\/\/lsbbmuo.cluster030.hosting.ovh.net\/?page_id=11"},"modified":"2021-03-22T21:27:17","modified_gmt":"2021-03-22T20:27:17","slug":"accueil","status":"publish","type":"page","link":"https:\/\/gitedelalveole.fr\/","title":{"rendered":"Accueil"},"content":{"rendered":"\n<div class=\"wp-block-group has-black-color has-text-color\"><div class=\"wp-block-group__inner-container is-layout-flow wp-block-group-is-layout-flow\">\n<div class=\"wp-block-group\"><div class=\"wp-block-group__inner-container is-layout-flow wp-block-group-is-layout-flow\">\n<div class=\"wp-block-group\"><div class=\"wp-block-group__inner-container is-layout-flow wp-block-group-is-layout-flow\">\n<div class=\"wp-block-columns is-layout-flex wp-container-core-columns-is-layout-9d6595d7 wp-block-columns-is-layout-flex\">\n<div class=\"wp-block-column is-layout-flow wp-block-column-is-layout-flow\" style=\"flex-basis:100%\"><\/div>\n<\/div>\n<\/div><\/div>\n\n\n\n<div class=\"wp-block-group\"><div class=\"wp-block-group__inner-container is-layout-flow wp-block-group-is-layout-flow\">\n<p class=\"has-black-color has-text-color\">Situ\u00e9 dans <strong>les Hautes Vosges <\/strong>notre g\u00eete de l\u2019Alv\u00e9ole vous accueille dans un cadre naturel pr\u00e9serv\u00e9. La capacit\u00e9 d\u2019accueil est de 6 personnes maximum. Notre g\u00eete se trouve proche de Remiremont (15 minutes en voiture), de la ville de la Bresse (20 minutes) et du centre-ville de G\u00e9rardmer (20 minutes). Des chemins de randonn\u00e9es sont accessibles directement depuis le g\u00eete.<\/p>\n<\/div><\/div>\n\n\n\n<p class=\"has-black-color has-text-color\">La <strong>proximit\u00e9 du g\u00eete avec l\u2019Alsace<\/strong>, vous permettra \u00e9galement de belles visites. La belle ville de Colmar se trouve \u00e0 65 km.<\/p>\n<\/div><\/div>\n\n\n\n<p class=\"has-black-color has-text-color\">Le g\u00eete de l\u2019Alv\u00e9ole est un appartement dans notre ancienne ferme de 1784. L\u2019appartement de 85 m2 poss\u00e8de deux chambres (une avec 2 lits simples, une avec un lit double), une grande salle \u00e0 manger de 40 m2 avec coin canap\u00e9 (convertible en lit deux places). Pour votre confort, un po\u00eale \u00e0 bois se trouve au milieu de la pi\u00e8ce. Une cuisine \u00e9quip\u00e9e, une salle de bain avec lave-linge et un WC. Le g\u00eete est \u00e9quip\u00e9 d&rsquo;une t\u00e9l\u00e9vision et d&rsquo;un acc\u00e8s internet ainsi que du WIFI.<\/p>\n\n\n\n<p class=\"has-black-color has-text-color\">Que ce soit l\u2019hiver ou l\u2019\u00e9t\u00e9, vous trouverez ici de quoi passer des vacances inoubliables au c\u0153ur des Hautes Vosges. A pied, en VTT ou v\u00e9lo de route, en moto ou en voiture venez d\u00e9couvrir ou red\u00e9couvrir les splendeurs de la montagne Vosgienne.<\/p>\n\n\n\n<p class=\"has-text-align-left\">L&rsquo;alv\u00e9ole est nich\u00e9 au c\u0153ur de la montagne vosgienne, dans un petit village calme en pleine nature. Vous trouverez \u00e0 c\u00f4t\u00e9 du g\u00eete un poulailler ainsi que le rucher d&rsquo;Antoine et Alice, dont les produits sont directement disponibles \u00e0 la vente.<\/p>\n<\/div><\/div>\n\n\n\n<p><\/p>\n","protected":false},"excerpt":{"rendered":"<p>Situ\u00e9 dans les Hautes Vosges notre g\u00eete de l\u2019Alv\u00e9ole vous accueille dans un cadre naturel pr\u00e9serv\u00e9. La capacit\u00e9 d\u2019accueil est de 6 personnes maximum. Notre g\u00eete se trouve proche de Remiremont (15 minutes en voiture), de la ville de la Bresse (20 minutes) et du centre-ville de G\u00e9rardmer (20 minutes). Des chemins de randonn\u00e9es sont accessibles directement depuis le g\u00eete. La proximit\u00e9 du g\u00eete avec l\u2019Alsace, vous permettra \u00e9galement de belles visites. La belle ville de Colmar se trouve \u00e0 65 km. Le g\u00eete de l\u2019Alv\u00e9ole est un appartement dans notre ancienne ferme de 1784. L\u2019appartement de 85 m2 poss\u00e8de deux chambres (une avec 2 lits simples, une avec un lit double), une grande salle \u00e0 manger de 40 m2 avec coin canap\u00e9 (convertible en lit deux places). Pour votre confort, un po\u00eale \u00e0 bois se trouve au milieu de la pi\u00e8ce. Une cuisine \u00e9quip\u00e9e, une salle de bain avec lave-linge et un WC. Le g\u00eete est \u00e9quip\u00e9 d&rsquo;une t\u00e9l\u00e9vision et d&rsquo;un acc\u00e8s internet ainsi que du WIFI. Que ce soit l\u2019hiver ou l\u2019\u00e9t\u00e9, vous trouverez ici de quoi passer des vacances inoubliables au c\u0153ur des Hautes Vosges. A pied, en VTT ou v\u00e9lo de route, en moto ou en [&hellip;]<\/p>\n","protected":false},"author":1,"featured_media":0,"parent":0,"menu_order":0,"comment_status":"closed","ping_status":"closed","template":"","meta":{"footnotes":""},"class_list":["post-11","page","type-page","status-publish","hentry"],"_links":{"self":[{"href":"https:\/\/gitedelalveole.fr\/index.php\/wp-json\/wp\/v2\/pages\/11","targetHints":{"allow":["GET"]}}],"collection":[{"href":"https:\/\/gitedelalveole.fr\/index.php\/wp-json\/wp\/v2\/pages"}],"about":[{"href":"https:\/\/gitedelalveole.fr\/index.php\/wp-json\/wp\/v2\/types\/page"}],"author":[{"embeddable":true,"href":"https:\/\/gitedelalveole.fr\/index.php\/wp-json\/wp\/v2\/users\/1"}],"replies":[{"embeddable":true,"href":"https:\/\/gitedelalveole.fr\/index.php\/wp-json\/wp\/v2\/comments?post=11"}],"version-history":[{"count":11,"href":"https:\/\/gitedelalveole.fr\/index.php\/wp-json\/wp\/v2\/pages\/11\/revisions"}],"predecessor-version":[{"id":263,"href":"https:\/\/gitedelalveole.fr\/index.php\/wp-json\/wp\/v2\/pages\/11\/revisions\/263"}],"wp:attachment":[{"href":"https:\/\/gitedelalveole.fr\/index.php\/wp-json\/wp\/v2\/media?parent=11"}],"curies":[{"name":"wp","href":"https:\/\/api.w.org\/{rel}","templated":true}]}}